{"id":2489,"date":"2023-05-30T10:54:01","date_gmt":"2023-05-30T10:54:01","guid":{"rendered":"https:\/\/www.runradio.it\/?page_id=2489"},"modified":"2023-05-30T11:04:42","modified_gmt":"2023-05-30T11:04:42","slug":"docentimaster","status":"publish","type":"page","link":"https:\/\/www.runradio.it\/index.php\/docentimaster\/","title":{"rendered":"Docenti Master"},"content":{"rendered":"\n<p><strong>Personalit\u00e0 di spicco della radiofonia nazionale e regionale sono coinvolte come docenti<\/strong> in un laboratorio formativo in forma di stage&nbsp;fornendo agli studenti un contributo pratico fondamentale per lo sviluppo e l&#8217;apprendimento delle diverse materie della radiofonia.<\/p>\n\n\n\n<p><br><strong>Benny Bottone e Betty Senatore<\/strong><br><em>Conduttori Radio Capital<\/em><\/p>\n\n\n\n<p><img decoding=\"async\" style=\"width: 200px;\" src=\"https:\/\/www.unisob.na.it\/universita\/dopolaurea\/master\/radiofonia\/buffoni.jpg\" alt=\"Edoardo Buffoni\"><br><strong>Edoardo Buffoni<\/strong>\u00a0<br><em>Direttore news Radio Capital<\/em><\/p>\n\n\n\n<p><br><strong>Mary Cacciola e Andrea Lucatello<\/strong> <br><em>Conduttori Radio Capital<\/em><\/p>\n\n\n\n<p><img decoding=\"async\" src=\"https:\/\/www.unisob.na.it\/universita\/dopolaurea\/master\/radiofonia\/devito.jpg\" alt=\"Manuela de Vito\" style=\"width: 200px;\"><br><strong>Manuela de Vito<\/strong> <br><em>Conduttrice RAI<\/em><\/p>\n\n\n\n<p><img decoding=\"async\" src=\"https:\/\/www.unisob.na.it\/universita\/dopolaurea\/master\/radiofonia\/giannini.jpg\" alt=\"Antonella Giannini\" style=\"width: 200px;\"><br><strong>Antonella Giannini<\/strong>\u00a0<br><em>Doppiatrice, dialoghista e adattamenti RAI<\/em><\/p>\n\n\n\n<p><br><strong>LaMario<\/strong> <br><em>Conduttrice Radio Capital e veejay<\/em><\/p>\n\n\n\n<p><img decoding=\"async\" src=\"https:\/\/www.unisob.na.it\/universita\/dopolaurea\/master\/radiofonia\/simeone.jpg\" alt=\"Nicoletta Simeone\" style=\"width: 200px;\"><br><strong>Nicoletta Simeone<\/strong>\u00a0<br><em>Redattrice e conduttrice RAI<\/em><\/p>\n\n\n\n<p><img decoding=\"async\" src=\"https:\/\/www.unisob.na.it\/universita\/dopolaurea\/master\/radiofonia\/simioli.jpg\" alt=\"Gianni Simioli\" style=\"width: 200px;\"><br><strong>Gianni Simioli<\/strong><em> <\/em><br><em>Conduttore, autore programmi e direttore artistico Radio Marte<\/em><\/p>\n\n\n\n<p><img decoding=\"async\" src=\"https:\/\/www.unisob.na.it\/universita\/dopolaurea\/master\/radiofonia\/stucchi.jpg\" alt=\"Danny Stucchi\" style=\"width: 200px;\"><br><strong>Danny Stucchi<\/strong><em> <\/em><br><em>Station Manager Radio Capital<\/em><\/p>\n\n\n\n<p><br><strong>Massimiliano Valcarcell Palma<\/strong><em> <\/em><br><em>Sales Manager Radio Marte<\/em><\/p>\n\n\n\n<p><img decoding=\"async\" src=\"https:\/\/www.unisob.na.it\/universita\/dopolaurea\/master\/radiofonia\/voci.jpg\" alt=\"Massimo Voci\" style=\"width: 200px;\"><br><strong>Massimo Voci<\/strong><em> <\/em><br><em>Producer Radio Capital<\/em><\/p>\n","protected":false},"excerpt":{"rendered":"<p>Personalit\u00e0 di spicco della radiofonia nazionale e regionale sono coinvolte come docenti in un laboratorio formativo in forma di stage&nbsp;fornendo agli studenti un contributo pratico fondamentale per lo sviluppo e l&#8217;apprendimento delle diverse materie della radiofonia. Benny Bottone e Betty SenatoreConduttori Radio Capital Edoardo Buffoni\u00a0Direttore news Radio Capital Mary Cacciola e Andrea Lucatello Conduttori Radio [&hellip;]<\/p>\n","protected":false},"author":5,"featured_media":2142,"parent":0,"menu_order":0,"comment_status":"closed","ping_status":"closed","template":"","meta":{"_themeisle_gutenberg_block_has_review":false,"footnotes":""},"class_list":["post-2489","page","type-page","status-publish","has-post-thumbnail","hentry"],"yoast_head":"<!-- This site is optimized with the Yoast SEO plugin v27.4 - https:\/\/yoast.com\/product\/yoast-seo-wordpress\/ -->\n<title>Docenti Master &#8226; Runradio<\/title>\n<meta name=\"robots\" content=\"index, follow, max-snippet:-1, max-image-preview:large, max-video-preview:-1\" \/>\n<link rel=\"canonical\" href=\"https:\/\/www.runradio.it\/index.php\/docentimaster\/\" \/>\n<meta property=\"og:locale\" content=\"it_IT\" \/>\n<meta property=\"og:type\" content=\"article\" \/>\n<meta property=\"og:title\" content=\"Docenti Master &#8226; Runradio\" \/>\n<meta property=\"og:description\" content=\"Personalit\u00e0 di spicco della radiofonia nazionale e regionale sono coinvolte come docenti in un laboratorio formativo in forma di stage&nbsp;fornendo agli studenti un contributo pratico fondamentale per lo sviluppo e l&#8217;apprendimento delle diverse materie della radiofonia. Benny Bottone e Betty SenatoreConduttori Radio Capital Edoardo Buffoni\u00a0Direttore news Radio Capital Mary Cacciola e Andrea Lucatello Conduttori Radio [&hellip;]\" \/>\n<meta property=\"og:url\" content=\"https:\/\/www.runradio.it\/index.php\/docentimaster\/\" \/>\n<meta property=\"og:site_name\" content=\"Runradio\" \/>\n<meta property=\"article:publisher\" content=\"https:\/\/www.facebook.com\/runradio\" \/>\n<meta property=\"article:modified_time\" content=\"2023-05-30T11:04:42+00:00\" \/>\n<meta property=\"og:image\" content=\"https:\/\/www.runradio.it\/wp-content\/uploads\/2022\/01\/docentiradio-683x1024.png\" \/>\n\t<meta property=\"og:image:width\" content=\"683\" \/>\n\t<meta property=\"og:image:height\" content=\"1024\" \/>\n\t<meta property=\"og:image:type\" content=\"image\/png\" \/>\n<meta name=\"twitter:card\" content=\"summary_large_image\" \/>\n<meta name=\"twitter:site\" content=\"@Run_Radio\" \/>\n<meta name=\"twitter:label1\" content=\"Tempo di lettura stimato\" \/>\n\t<meta name=\"twitter:data1\" content=\"1 minuto\" \/>\n<script type=\"application\/ld+json\" class=\"yoast-schema-graph\">{\"@context\":\"https:\\\/\\\/schema.org\",\"@graph\":[{\"@type\":\"WebPage\",\"@id\":\"https:\\\/\\\/www.runradio.it\\\/index.php\\\/docentimaster\\\/\",\"url\":\"https:\\\/\\\/www.runradio.it\\\/index.php\\\/docentimaster\\\/\",\"name\":\"Docenti Master &#8226; Runradio\",\"isPartOf\":{\"@id\":\"https:\\\/\\\/www.runradio.it\\\/#website\"},\"primaryImageOfPage\":{\"@id\":\"https:\\\/\\\/www.runradio.it\\\/index.php\\\/docentimaster\\\/#primaryimage\"},\"image\":{\"@id\":\"https:\\\/\\\/www.runradio.it\\\/index.php\\\/docentimaster\\\/#primaryimage\"},\"thumbnailUrl\":\"https:\\\/\\\/www.runradio.it\\\/wp-content\\\/uploads\\\/2022\\\/01\\\/docentiradio.png\",\"datePublished\":\"2023-05-30T10:54:01+00:00\",\"dateModified\":\"2023-05-30T11:04:42+00:00\",\"breadcrumb\":{\"@id\":\"https:\\\/\\\/www.runradio.it\\\/index.php\\\/docentimaster\\\/#breadcrumb\"},\"inLanguage\":\"it-IT\",\"potentialAction\":[{\"@type\":\"ReadAction\",\"target\":[\"https:\\\/\\\/www.runradio.it\\\/index.php\\\/docentimaster\\\/\"]}]},{\"@type\":\"ImageObject\",\"inLanguage\":\"it-IT\",\"@id\":\"https:\\\/\\\/www.runradio.it\\\/index.php\\\/docentimaster\\\/#primaryimage\",\"url\":\"https:\\\/\\\/www.runradio.it\\\/wp-content\\\/uploads\\\/2022\\\/01\\\/docentiradio.png\",\"contentUrl\":\"https:\\\/\\\/www.runradio.it\\\/wp-content\\\/uploads\\\/2022\\\/01\\\/docentiradio.png\",\"width\":2000,\"height\":3000},{\"@type\":\"BreadcrumbList\",\"@id\":\"https:\\\/\\\/www.runradio.it\\\/index.php\\\/docentimaster\\\/#breadcrumb\",\"itemListElement\":[{\"@type\":\"ListItem\",\"position\":1,\"name\":\"Home\",\"item\":\"https:\\\/\\\/www.runradio.it\\\/\"},{\"@type\":\"ListItem\",\"position\":2,\"name\":\"Docenti Master\"}]},{\"@type\":\"WebSite\",\"@id\":\"https:\\\/\\\/www.runradio.it\\\/#website\",\"url\":\"https:\\\/\\\/www.runradio.it\\\/\",\"name\":\"Runradio\",\"description\":\"RunRadio \u2013 La Voce dell\u2019Universit\u00e0 Suor Orsola Benincasa di Napoli  La webradio che unisce studenti, idee e passione.  Nata da un progetto ideato e promosso dall\u2019allora Preside della Facolt\u00e0 di Scienze della Formazione, oggi Rettore dell\u2019Ateneo, Lucio d\u2019Alessandro, RunRadio rappresenta una vera e propria palestra formativa per gli studenti di Scienze della Comunicazione.  Un laboratorio vivo e dinamico, dove teoria e pratica si incontrano: gli studenti diventano protagonisti delle routine produttive di una webradio contemporanea, un medium capace di essere \u2013 al tempo stesso \u2013 ascoltato, visto, letto e scritto.  RunRadio, attraverso il suo sito ufficiale, \u00e8 non solo una piattaforma di trasmissione, ma anche uno spazio di creativit\u00e0, sperimentazione e dialogo, dove si coltivano competenze, si condividono idee e si d\u00e0 voce alle passioni che animano la comunit\u00e0 universitaria.\",\"publisher\":{\"@id\":\"https:\\\/\\\/www.runradio.it\\\/#organization\"},\"potentialAction\":[{\"@type\":\"SearchAction\",\"target\":{\"@type\":\"EntryPoint\",\"urlTemplate\":\"https:\\\/\\\/www.runradio.it\\\/?s={search_term_string}\"},\"query-input\":{\"@type\":\"PropertyValueSpecification\",\"valueRequired\":true,\"valueName\":\"search_term_string\"}}],\"inLanguage\":\"it-IT\"},{\"@type\":\"Organization\",\"@id\":\"https:\\\/\\\/www.runradio.it\\\/#organization\",\"name\":\"Runradio\",\"url\":\"https:\\\/\\\/www.runradio.it\\\/\",\"logo\":{\"@type\":\"ImageObject\",\"inLanguage\":\"it-IT\",\"@id\":\"https:\\\/\\\/www.runradio.it\\\/#\\\/schema\\\/logo\\\/image\\\/\",\"url\":\"https:\\\/\\\/www.runradio.it\\\/wp-content\\\/uploads\\\/2024\\\/05\\\/2-1.png\",\"contentUrl\":\"https:\\\/\\\/www.runradio.it\\\/wp-content\\\/uploads\\\/2024\\\/05\\\/2-1.png\",\"width\":844,\"height\":128,\"caption\":\"Runradio\"},\"image\":{\"@id\":\"https:\\\/\\\/www.runradio.it\\\/#\\\/schema\\\/logo\\\/image\\\/\"},\"sameAs\":[\"https:\\\/\\\/www.facebook.com\\\/runradio\",\"https:\\\/\\\/x.com\\\/Run_Radio\",\"https:\\\/\\\/www.instagram.com\\\/run_radio\\\/\",\"https:\\\/\\\/www.youtube.com\\\/user\\\/RunRadioUnisob\"]}]}<\/script>\n<!-- \/ Yoast SEO plugin. -->","yoast_head_json":{"title":"Docenti Master &#8226; Runradio","robots":{"index":"index","follow":"follow","max-snippet":"max-snippet:-1","max-image-preview":"max-image-preview:large","max-video-preview":"max-video-preview:-1"},"canonical":"https:\/\/www.runradio.it\/index.php\/docentimaster\/","og_locale":"it_IT","og_type":"article","og_title":"Docenti Master &#8226; Runradio","og_description":"Personalit\u00e0 di spicco della radiofonia nazionale e regionale sono coinvolte come docenti in un laboratorio formativo in forma di stage&nbsp;fornendo agli studenti un contributo pratico fondamentale per lo sviluppo e l&#8217;apprendimento delle diverse materie della radiofonia. Benny Bottone e Betty SenatoreConduttori Radio Capital Edoardo Buffoni\u00a0Direttore news Radio Capital Mary Cacciola e Andrea Lucatello Conduttori Radio [&hellip;]","og_url":"https:\/\/www.runradio.it\/index.php\/docentimaster\/","og_site_name":"Runradio","article_publisher":"https:\/\/www.facebook.com\/runradio","article_modified_time":"2023-05-30T11:04:42+00:00","og_image":[{"width":683,"height":1024,"url":"https:\/\/www.runradio.it\/wp-content\/uploads\/2022\/01\/docentiradio-683x1024.png","type":"image\/png"}],"twitter_card":"summary_large_image","twitter_site":"@Run_Radio","twitter_misc":{"Tempo di lettura stimato":"1 minuto"},"schema":{"@context":"https:\/\/schema.org","@graph":[{"@type":"WebPage","@id":"https:\/\/www.runradio.it\/index.php\/docentimaster\/","url":"https:\/\/www.runradio.it\/index.php\/docentimaster\/","name":"Docenti Master &#8226; Runradio","isPartOf":{"@id":"https:\/\/www.runradio.it\/#website"},"primaryImageOfPage":{"@id":"https:\/\/www.runradio.it\/index.php\/docentimaster\/#primaryimage"},"image":{"@id":"https:\/\/www.runradio.it\/index.php\/docentimaster\/#primaryimage"},"thumbnailUrl":"https:\/\/www.runradio.it\/wp-content\/uploads\/2022\/01\/docentiradio.png","datePublished":"2023-05-30T10:54:01+00:00","dateModified":"2023-05-30T11:04:42+00:00","breadcrumb":{"@id":"https:\/\/www.runradio.it\/index.php\/docentimaster\/#breadcrumb"},"inLanguage":"it-IT","potentialAction":[{"@type":"ReadAction","target":["https:\/\/www.runradio.it\/index.php\/docentimaster\/"]}]},{"@type":"ImageObject","inLanguage":"it-IT","@id":"https:\/\/www.runradio.it\/index.php\/docentimaster\/#primaryimage","url":"https:\/\/www.runradio.it\/wp-content\/uploads\/2022\/01\/docentiradio.png","contentUrl":"https:\/\/www.runradio.it\/wp-content\/uploads\/2022\/01\/docentiradio.png","width":2000,"height":3000},{"@type":"BreadcrumbList","@id":"https:\/\/www.runradio.it\/index.php\/docentimaster\/#breadcrumb","itemListElement":[{"@type":"ListItem","position":1,"name":"Home","item":"https:\/\/www.runradio.it\/"},{"@type":"ListItem","position":2,"name":"Docenti Master"}]},{"@type":"WebSite","@id":"https:\/\/www.runradio.it\/#website","url":"https:\/\/www.runradio.it\/","name":"Runradio","description":"RunRadio \u2013 La Voce dell\u2019Universit\u00e0 Suor Orsola Benincasa di Napoli  La webradio che unisce studenti, idee e passione.  Nata da un progetto ideato e promosso dall\u2019allora Preside della Facolt\u00e0 di Scienze della Formazione, oggi Rettore dell\u2019Ateneo, Lucio d\u2019Alessandro, RunRadio rappresenta una vera e propria palestra formativa per gli studenti di Scienze della Comunicazione.  Un laboratorio vivo e dinamico, dove teoria e pratica si incontrano: gli studenti diventano protagonisti delle routine produttive di una webradio contemporanea, un medium capace di essere \u2013 al tempo stesso \u2013 ascoltato, visto, letto e scritto.  RunRadio, attraverso il suo sito ufficiale, \u00e8 non solo una piattaforma di trasmissione, ma anche uno spazio di creativit\u00e0, sperimentazione e dialogo, dove si coltivano competenze, si condividono idee e si d\u00e0 voce alle passioni che animano la comunit\u00e0 universitaria.","publisher":{"@id":"https:\/\/www.runradio.it\/#organization"},"potentialAction":[{"@type":"SearchAction","target":{"@type":"EntryPoint","urlTemplate":"https:\/\/www.runradio.it\/?s={search_term_string}"},"query-input":{"@type":"PropertyValueSpecification","valueRequired":true,"valueName":"search_term_string"}}],"inLanguage":"it-IT"},{"@type":"Organization","@id":"https:\/\/www.runradio.it\/#organization","name":"Runradio","url":"https:\/\/www.runradio.it\/","logo":{"@type":"ImageObject","inLanguage":"it-IT","@id":"https:\/\/www.runradio.it\/#\/schema\/logo\/image\/","url":"https:\/\/www.runradio.it\/wp-content\/uploads\/2024\/05\/2-1.png","contentUrl":"https:\/\/www.runradio.it\/wp-content\/uploads\/2024\/05\/2-1.png","width":844,"height":128,"caption":"Runradio"},"image":{"@id":"https:\/\/www.runradio.it\/#\/schema\/logo\/image\/"},"sameAs":["https:\/\/www.facebook.com\/runradio","https:\/\/x.com\/Run_Radio","https:\/\/www.instagram.com\/run_radio\/","https:\/\/www.youtube.com\/user\/RunRadioUnisob"]}]}},"_links":{"self":[{"href":"https:\/\/www.runradio.it\/index.php\/wp-json\/wp\/v2\/pages\/2489","targetHints":{"allow":["GET"]}}],"collection":[{"href":"https:\/\/www.runradio.it\/index.php\/wp-json\/wp\/v2\/pages"}],"about":[{"href":"https:\/\/www.runradio.it\/index.php\/wp-json\/wp\/v2\/types\/page"}],"author":[{"embeddable":true,"href":"https:\/\/www.runradio.it\/index.php\/wp-json\/wp\/v2\/users\/5"}],"replies":[{"embeddable":true,"href":"https:\/\/www.runradio.it\/index.php\/wp-json\/wp\/v2\/comments?post=2489"}],"version-history":[{"count":6,"href":"https:\/\/www.runradio.it\/index.php\/wp-json\/wp\/v2\/pages\/2489\/revisions"}],"predecessor-version":[{"id":2502,"href":"https:\/\/www.runradio.it\/index.php\/wp-json\/wp\/v2\/pages\/2489\/revisions\/2502"}],"wp:featuredmedia":[{"embeddable":true,"href":"https:\/\/www.runradio.it\/index.php\/wp-json\/wp\/v2\/media\/2142"}],"wp:attachment":[{"href":"https:\/\/www.runradio.it\/index.php\/wp-json\/wp\/v2\/media?parent=2489"}],"curies":[{"name":"wp","href":"https:\/\/api.w.org\/{rel}","templated":true}]}}