{"id":3127,"date":"2024-05-13T15:44:07","date_gmt":"2024-05-13T15:44:07","guid":{"rendered":"https:\/\/www.runradio.it\/?page_id=3127"},"modified":"2024-06-05T12:59:42","modified_gmt":"2024-06-05T12:59:42","slug":"on-air","status":"publish","type":"page","link":"https:\/\/www.runradio.it\/index.php\/on-air\/","title":{"rendered":"ULTIME NOTIZIE"},"content":{"rendered":"\n<div class=\"wp-block-group alignfull\"><div class=\"wp-block-group__inner-container is-layout-constrained wp-block-group-is-layout-constrained\">\n<div class=\"wp-block-group alignfull\"><div class=\"wp-block-group__inner-container is-layout-constrained wp-block-group-is-layout-constrained\"><div class='pt-cv-wrapper'> <div class=\"pt-cv-view pt-cv-blockgrid iscvblock iscvreal grid1 layout2 cveffect-zoomin\" id=\"pt-cv-view-733ine9o\"><div data-id=\"pt-cv-page-1\" class=\"pt-cv-page\" data-cvc=\"3\"><div class=\" pt-cv-content-item pt-cv-1-col\" ><div class=\"pt-cv-thumb-wrapper  \"><a href=\"https:\/\/www.runradio.it\/index.php\/2026\/04\/21\/mars-express-e-jancso-atterrano-a-casa-cinema\/\" class=\"_self pt-cv-href-thumbnail pt-cv-thumb-default\" target=\"_self\" ><img loading=\"lazy\" decoding=\"async\" width=\"768\" height=\"382\" src=\"https:\/\/www.runradio.it\/wp-content\/uploads\/2026\/04\/Blp-cinema-foto-768x382.jpg\" class=\"pt-cv-thumbnail\" alt=\"\" \/><\/a><\/div>\n<div class=\"pt-cv-remain-wrapper\"><div class=\"pt-cv-taxoterm above_title\"><a href='https:\/\/www.runradio.it\/index.php\/category\/blog\/buonalaprima-film-in-esclusiva-nazionale\/' title='Buonalaprima. Film in esclusiva nazionale' class='pt-cv-tax-buonalaprima-film-in-esclusiva-nazionale'>Buonalaprima. Film in esclusiva nazionale<\/a><\/div><h4 class=\"pt-cv-title\"><a href=\"https:\/\/www.runradio.it\/index.php\/2026\/04\/21\/mars-express-e-jancso-atterrano-a-casa-cinema\/\" class=\"_self\" target=\"_self\" >\u2018Mars Express\u2019 e Jancso \u00a0atterrano a Casa Cinema<\/a><\/h4><div class=\"pt-cv-content\">Nella nuova puntata di Buona La Prima Cinema il viaggio parte da Napoli, dove il grande schermo si intreccia con &#8230;<\/div><\/div><\/div>\n<div class=\" pt-cv-content-item pt-cv-1-col\" ><div class=\"pt-cv-thumb-wrapper  \"><a href=\"https:\/\/www.runradio.it\/index.php\/2026\/04\/21\/al-cinema-e-nei-negozi-e-tornato-il-re-del-pop\/\" class=\"_self pt-cv-href-thumbnail pt-cv-thumb-default\" target=\"_self\" ><img loading=\"lazy\" decoding=\"async\" width=\"768\" height=\"637\" src=\"https:\/\/www.runradio.it\/wp-content\/uploads\/2026\/04\/Michael_LP_Cover_FA_b-e1776761853218-768x637.jpg\" class=\"pt-cv-thumbnail\" alt=\"\" \/><\/a><\/div>\n<div class=\"pt-cv-remain-wrapper\"><div class=\"pt-cv-taxoterm above_title\"><a href='https:\/\/www.runradio.it\/index.php\/category\/blog\/runparade-il-22-aprile-esce-michael\/' title='Runparade. Il 22 aprile esce \u201cMichael\u201d' class='pt-cv-tax-runparade-il-22-aprile-esce-michael'>Runparade. Il 22 aprile esce \u201cMichael\u201d<\/a><\/div><h4 class=\"pt-cv-title\"><a href=\"https:\/\/www.runradio.it\/index.php\/2026\/04\/21\/al-cinema-e-nei-negozi-e-tornato-il-re-del-pop\/\" class=\"_self\" target=\"_self\" >Al cinema e nei negozi <br> \u00e8 tornato il re del Pop<\/a><\/h4><div class=\"pt-cv-content\">Stiamo assistendo a una nuova \u201cMichaelmania\u201d? I segnali ci sono tutti: il Re del Pop, anche a distanza di anni, &#8230;<\/div><\/div><\/div>\n<div class=\" pt-cv-content-item pt-cv-1-col\" ><div class=\"pt-cv-thumb-wrapper  \"><a href=\"https:\/\/www.runradio.it\/index.php\/2026\/04\/21\/uragano-comicon-ora-diventa-anche-off\/\" class=\"_self pt-cv-href-thumbnail pt-cv-thumb-default\" target=\"_self\" ><img loading=\"lazy\" decoding=\"async\" width=\"768\" height=\"512\" src=\"https:\/\/www.runradio.it\/wp-content\/uploads\/2026\/04\/comicon-768x512.jpg\" class=\"pt-cv-thumbnail\" alt=\"\" \/><\/a><\/div>\n<div class=\"pt-cv-remain-wrapper\"><div class=\"pt-cv-taxoterm above_title\"><a href='https:\/\/www.runradio.it\/index.php\/category\/blog\/rundown-tre-mesi-di-mostre-ed-eventi\/' title='Rundown. Tre mesi di mostre ed eventi' class='pt-cv-tax-rundown-tre-mesi-di-mostre-ed-eventi'>Rundown. Tre mesi di mostre ed eventi<\/a><\/div><h4 class=\"pt-cv-title\"><a href=\"https:\/\/www.runradio.it\/index.php\/2026\/04\/21\/uragano-comicon-ora-diventa-anche-off\/\" class=\"_self\" target=\"_self\" >Uragano \u201cComicon\u201d <br> Ora diventa anche Off<\/a><\/h4><div class=\"pt-cv-content\">Meno di 2 settimane all\u2019inizio del \u201cComicon Napoli 2026\u201de l\u2019aria di festa si inizia gi\u00e0 a sentire. Merito di Comicon &#8230;<\/div><\/div><\/div>\n<div class=\" pt-cv-content-item pt-cv-1-col\" ><div class=\"pt-cv-thumb-wrapper  \"><a href=\"https:\/\/www.runradio.it\/index.php\/2026\/04\/20\/costiera-talenti-in-cucina-torna-sorrento-gnocchi-day\/\" class=\"_self pt-cv-href-thumbnail pt-cv-thumb-default\" target=\"_self\" ><img loading=\"lazy\" decoding=\"async\" width=\"768\" height=\"393\" src=\"https:\/\/www.runradio.it\/wp-content\/uploads\/2026\/04\/SorrentoGnocchiDay2025-Tutti-i-protagonisti-della-quarta-edizione-768x393.jpg\" class=\"pt-cv-thumbnail\" alt=\"\" \/><\/a><\/div>\n<div class=\"pt-cv-remain-wrapper\"><div class=\"pt-cv-taxoterm above_title\"><a href='https:\/\/www.runradio.it\/index.php\/category\/blog\/assaporundo-la-rassegna-andra-in-tour\/' title='Assaporundo. La rassegna andr\u00e0 in tour' class='pt-cv-tax-assaporundo-la-rassegna-andra-in-tour'>Assaporundo. La rassegna andr\u00e0 in tour<\/a><\/div><h4 class=\"pt-cv-title\"><a href=\"https:\/\/www.runradio.it\/index.php\/2026\/04\/20\/costiera-talenti-in-cucina-torna-sorrento-gnocchi-day\/\" class=\"_self\" target=\"_self\" >Costiera, talenti in cucina al Sorrento Gnocchi Day<\/a><\/h4><div class=\"pt-cv-content\">Dal 20 al 23 aprile torna la quinta edizione del \u201cSorrento Gnocchi Day\u201d, la manifestazione gastronomica che celebra uno dei &#8230;<\/div><\/div><\/div>\n<div class=\" pt-cv-content-item pt-cv-1-col\" ><div class=\"pt-cv-thumb-wrapper  \"><a href=\"https:\/\/www.runradio.it\/index.php\/2026\/04\/17\/il-viaggio-di-bertoncelli-tra-novara-e-penny-lane\/\" class=\"_self pt-cv-href-thumbnail pt-cv-thumb-default\" target=\"_self\" ><img loading=\"lazy\" decoding=\"async\" width=\"768\" height=\"629\" src=\"https:\/\/www.runradio.it\/wp-content\/uploads\/2026\/04\/FOTO-Riccardo-Bertoncelli_CreditsGuidoHarari-scaled-e1776416590536-768x629.jpg\" class=\"pt-cv-thumbnail\" alt=\"\" \/><\/a><\/div>\n<div class=\"pt-cv-remain-wrapper\"><div class=\"pt-cv-taxoterm above_title\"><a href='https:\/\/www.runradio.it\/index.php\/category\/blog\/nerosubianco-parla-lo-storico-del-rock\/' title='Nerosubianco. Parla lo storico del rock' class='pt-cv-tax-nerosubianco-parla-lo-storico-del-rock'>Nerosubianco. Parla lo storico del rock<\/a><\/div><h4 class=\"pt-cv-title\"><a href=\"https:\/\/www.runradio.it\/index.php\/2026\/04\/17\/il-viaggio-di-bertoncelli-tra-novara-e-penny-lane\/\" class=\"_self\" target=\"_self\" >Il viaggio di Bertoncelli <br> tra Novara e Penny Lane<\/a><\/h4><div class=\"pt-cv-content\">\u201cSono nato nello stesso giorno in cui nacque il rock\u2019n\u2019roll, non so se mi spiego\u201d. Con questo incipit a effetto &#8230;<\/div><\/div><\/div>\n<div class=\" pt-cv-content-item pt-cv-1-col\" ><div class=\"pt-cv-thumb-wrapper  \"><a href=\"https:\/\/www.runradio.it\/index.php\/2026\/04\/16\/stefano-causa-come-funziona-il-complesso-sistema-dellarte\/\" class=\"_self pt-cv-href-thumbnail pt-cv-thumb-default\" target=\"_self\" ><img loading=\"lazy\" decoding=\"async\" width=\"768\" height=\"1024\" src=\"https:\/\/www.runradio.it\/wp-content\/uploads\/2026\/04\/Stefano-Causa-768x1024.jpg\" class=\"pt-cv-thumbnail\" alt=\"\" \/><\/a><\/div>\n<div class=\"pt-cv-remain-wrapper\"><div class=\"pt-cv-taxoterm above_title\"><a href='https:\/\/www.runradio.it\/index.php\/category\/blog\/uniworld-si-presenta-silly-symphony\/' title='Uniworld. Si presenta &quot;Silly Symphony&quot;' class='pt-cv-tax-uniworld-si-presenta-silly-symphony'>Uniworld. Si presenta &#8220;Silly Symphony&#8221;<\/a><\/div><h4 class=\"pt-cv-title\"><a href=\"https:\/\/www.runradio.it\/index.php\/2026\/04\/16\/stefano-causa-come-funziona-il-complesso-sistema-dellarte\/\" class=\"_self\" target=\"_self\" >Causa: come funziona <br> il sistema dell\u2019arte<\/a><\/h4><div class=\"pt-cv-content\">A Napoli, negli spazi della Biblioteca Pagliara del Suor Orsola Benincasa, gioved\u00ec 16 aprile dalle ore 16 alle 18,30 va &#8230;<\/div><\/div><\/div><\/div><\/div> <\/div> <style>\n#pt-cv-view-733ine9o {text-align: center}#pt-cv-view-733ine9o .pt-cv-thumb-wrapper {margin-left: auto; margin-right: auto;}\n#pt-cv-view-733ine9o { background-color: #1f74bf00;border-style: none;margin: 103px 103px 103px 103px;padding: 0px 0px 0px 0px;border-radius: 0px 0px 0px 0px; }#pt-cv-view-733ine9o .pt-cv-content-item { background-color: #ffffff; }#pt-cv-view-733ine9o .pt-cv-meta-fields {  }#pt-cv-view-733ine9o .pt-cv-meta-fields * { font-size: 13px; }.pt-cv-heading-container[data-blockid=\"733ine9o\"] {  }.pt-cv-heading-container[data-blockid=\"733ine9o\"] * { color: #2B1813; }#pt-cv-view-733ine9o .pt-cv-thumb-wrapper:not(.miniwrap) { width: 693px; }#pt-cv-view-733ine9o .pt-cv-thumbnail:not(.pt-cv-thumbnailsm) { height: 265px; }#pt-cv-view-733ine9o .pt-cv-thumb-wrapper {  }#pt-cv-view-733ine9o[class*=\"cveffect\"] .pt-cv-thumb-wrapper, #pt-cv-view-733ine9o:not([class*=\"cveffect\"]) .pt-cv-thumbnail { border-style: none; }#pt-cv-view-733ine9o .pt-cv-thumbnail {  }#pt-cv-view-733ine9o .pt-cv-title a { display: block;color: #000000; }#pt-cv-view-733ine9o .pt-cv-title:not(.pt-cv-titlesm) a { font-weight: 600;text-decoration: none;font-size: 20px; }#pt-cv-view-733ine9o .pt-cv-titlesm a { font-weight: 600;font-size: 18px; }#pt-cv-view-733ine9o .pt-cv-content { color: #000000;font-size: 15px; }#pt-cv-view-733ine9o .pt-cv-rmwrap {  }#pt-cv-view-733ine9o .pt-cv-readmore { background-color: #ffffff;font-size: 14px; }#pt-cv-view-733ine9o .pt-cv-taxoterm {  }#pt-cv-view-733ine9o .pt-cv-taxoterm * { color: #222;background-color: #ffffff;font-size: 14px; }#pt-cv-view-733ine9o + .pt-cv-pagination-wrapper { text-align: left; }#pt-cv-view-733ine9o + .pt-cv-pagination-wrapper a { font-size: 14px; }#pt-cv-view-733ine9o > .pt-cv-page {grid-template-columns: repeat(3, 1fr);grid-gap: 27px;}.pt-cv-heading-container[data-blockid=\"733ine9o\"]:hover {  }.pt-cv-heading-container[data-blockid=\"733ine9o\"] *:hover { color: #dd3333; }#pt-cv-view-733ine9o .pt-cv-title a:hover { color: #dd3333; }#pt-cv-view-733ine9o .pt-cv-title:not(.pt-cv-titlesm) a:hover {  }#pt-cv-view-733ine9o .pt-cv-taxoterm:hover {  }#pt-cv-view-733ine9o .pt-cv-taxoterm *:hover { color: #cf2e2e; }\n@media all and (max-width: 1024px) { \n#pt-cv-view-733ine9o > .pt-cv-page {}\n} \n@media all and (max-width: 767px) { \n#pt-cv-view-733ine9o > .pt-cv-page {grid-template-columns: repeat(1, 1fr);}\n} <\/style>\n\n\n<p><\/p>\n<\/div><\/div>\n<\/div><\/div>\n","protected":false},"excerpt":{"rendered":"","protected":false},"author":5,"featured_media":0,"parent":0,"menu_order":0,"comment_status":"closed","ping_status":"closed","template":"","meta":{"_themeisle_gutenberg_block_has_review":false,"footnotes":""},"class_list":["post-3127","page","type-page","status-publish","hentry"],"yoast_head":"<!-- This site is optimized with the Yoast SEO plugin v27.4 - https:\/\/yoast.com\/product\/yoast-seo-wordpress\/ -->\n<title>ULTIME NOTIZIE &#8226; Runradio<\/title>\n<meta name=\"robots\" content=\"index, follow, max-snippet:-1, max-image-preview:large, max-video-preview:-1\" \/>\n<link rel=\"canonical\" href=\"https:\/\/www.runradio.it\/index.php\/on-air\/\" \/>\n<meta property=\"og:locale\" content=\"it_IT\" \/>\n<meta property=\"og:type\" content=\"article\" \/>\n<meta property=\"og:title\" content=\"ULTIME NOTIZIE &#8226; Runradio\" \/>\n<meta property=\"og:url\" content=\"https:\/\/www.runradio.it\/index.php\/on-air\/\" \/>\n<meta property=\"og:site_name\" content=\"Runradio\" \/>\n<meta property=\"article:publisher\" content=\"https:\/\/www.facebook.com\/runradio\" \/>\n<meta property=\"article:modified_time\" content=\"2024-06-05T12:59:42+00:00\" \/>\n<meta property=\"og:image\" content=\"https:\/\/www.runradio.it\/wp-content\/uploads\/2024\/05\/2-1.png\" \/>\n\t<meta property=\"og:image:width\" content=\"844\" \/>\n\t<meta property=\"og:image:height\" content=\"128\" \/>\n\t<meta property=\"og:image:type\" content=\"image\/png\" \/>\n<meta name=\"twitter:card\" content=\"summary_large_image\" \/>\n<meta name=\"twitter:site\" content=\"@Run_Radio\" \/>\n<script type=\"application\/ld+json\" class=\"yoast-schema-graph\">{\"@context\":\"https:\\\/\\\/schema.org\",\"@graph\":[{\"@type\":\"WebPage\",\"@id\":\"https:\\\/\\\/www.runradio.it\\\/index.php\\\/on-air\\\/\",\"url\":\"https:\\\/\\\/www.runradio.it\\\/index.php\\\/on-air\\\/\",\"name\":\"ULTIME NOTIZIE &#8226; Runradio\",\"isPartOf\":{\"@id\":\"https:\\\/\\\/www.runradio.it\\\/#website\"},\"datePublished\":\"2024-05-13T15:44:07+00:00\",\"dateModified\":\"2024-06-05T12:59:42+00:00\",\"breadcrumb\":{\"@id\":\"https:\\\/\\\/www.runradio.it\\\/index.php\\\/on-air\\\/#breadcrumb\"},\"inLanguage\":\"it-IT\",\"potentialAction\":[{\"@type\":\"ReadAction\",\"target\":[\"https:\\\/\\\/www.runradio.it\\\/index.php\\\/on-air\\\/\"]}]},{\"@type\":\"BreadcrumbList\",\"@id\":\"https:\\\/\\\/www.runradio.it\\\/index.php\\\/on-air\\\/#breadcrumb\",\"itemListElement\":[{\"@type\":\"ListItem\",\"position\":1,\"name\":\"Home\",\"item\":\"https:\\\/\\\/www.runradio.it\\\/\"},{\"@type\":\"ListItem\",\"position\":2,\"name\":\"ULTIME NOTIZIE\"}]},{\"@type\":\"WebSite\",\"@id\":\"https:\\\/\\\/www.runradio.it\\\/#website\",\"url\":\"https:\\\/\\\/www.runradio.it\\\/\",\"name\":\"Runradio\",\"description\":\"RunRadio \u2013 La Voce dell\u2019Universit\u00e0 Suor Orsola Benincasa di Napoli  La webradio che unisce studenti, idee e passione.  Nata da un progetto ideato e promosso dall\u2019allora Preside della Facolt\u00e0 di Scienze della Formazione, oggi Rettore dell\u2019Ateneo, Lucio d\u2019Alessandro, RunRadio rappresenta una vera e propria palestra formativa per gli studenti di Scienze della Comunicazione.  Un laboratorio vivo e dinamico, dove teoria e pratica si incontrano: gli studenti diventano protagonisti delle routine produttive di una webradio contemporanea, un medium capace di essere \u2013 al tempo stesso \u2013 ascoltato, visto, letto e scritto.  RunRadio, attraverso il suo sito ufficiale, \u00e8 non solo una piattaforma di trasmissione, ma anche uno spazio di creativit\u00e0, sperimentazione e dialogo, dove si coltivano competenze, si condividono idee e si d\u00e0 voce alle passioni che animano la comunit\u00e0 universitaria.\",\"publisher\":{\"@id\":\"https:\\\/\\\/www.runradio.it\\\/#organization\"},\"potentialAction\":[{\"@type\":\"SearchAction\",\"target\":{\"@type\":\"EntryPoint\",\"urlTemplate\":\"https:\\\/\\\/www.runradio.it\\\/?s={search_term_string}\"},\"query-input\":{\"@type\":\"PropertyValueSpecification\",\"valueRequired\":true,\"valueName\":\"search_term_string\"}}],\"inLanguage\":\"it-IT\"},{\"@type\":\"Organization\",\"@id\":\"https:\\\/\\\/www.runradio.it\\\/#organization\",\"name\":\"Runradio\",\"url\":\"https:\\\/\\\/www.runradio.it\\\/\",\"logo\":{\"@type\":\"ImageObject\",\"inLanguage\":\"it-IT\",\"@id\":\"https:\\\/\\\/www.runradio.it\\\/#\\\/schema\\\/logo\\\/image\\\/\",\"url\":\"https:\\\/\\\/www.runradio.it\\\/wp-content\\\/uploads\\\/2024\\\/05\\\/2-1.png\",\"contentUrl\":\"https:\\\/\\\/www.runradio.it\\\/wp-content\\\/uploads\\\/2024\\\/05\\\/2-1.png\",\"width\":844,\"height\":128,\"caption\":\"Runradio\"},\"image\":{\"@id\":\"https:\\\/\\\/www.runradio.it\\\/#\\\/schema\\\/logo\\\/image\\\/\"},\"sameAs\":[\"https:\\\/\\\/www.facebook.com\\\/runradio\",\"https:\\\/\\\/x.com\\\/Run_Radio\",\"https:\\\/\\\/www.instagram.com\\\/run_radio\\\/\",\"https:\\\/\\\/www.youtube.com\\\/user\\\/RunRadioUnisob\"]}]}<\/script>\n<!-- \/ Yoast SEO plugin. -->","yoast_head_json":{"title":"ULTIME NOTIZIE &#8226; Runradio","robots":{"index":"index","follow":"follow","max-snippet":"max-snippet:-1","max-image-preview":"max-image-preview:large","max-video-preview":"max-video-preview:-1"},"canonical":"https:\/\/www.runradio.it\/index.php\/on-air\/","og_locale":"it_IT","og_type":"article","og_title":"ULTIME NOTIZIE &#8226; Runradio","og_url":"https:\/\/www.runradio.it\/index.php\/on-air\/","og_site_name":"Runradio","article_publisher":"https:\/\/www.facebook.com\/runradio","article_modified_time":"2024-06-05T12:59:42+00:00","og_image":[{"width":844,"height":128,"url":"https:\/\/www.runradio.it\/wp-content\/uploads\/2024\/05\/2-1.png","type":"image\/png"}],"twitter_card":"summary_large_image","twitter_site":"@Run_Radio","schema":{"@context":"https:\/\/schema.org","@graph":[{"@type":"WebPage","@id":"https:\/\/www.runradio.it\/index.php\/on-air\/","url":"https:\/\/www.runradio.it\/index.php\/on-air\/","name":"ULTIME NOTIZIE &#8226; Runradio","isPartOf":{"@id":"https:\/\/www.runradio.it\/#website"},"datePublished":"2024-05-13T15:44:07+00:00","dateModified":"2024-06-05T12:59:42+00:00","breadcrumb":{"@id":"https:\/\/www.runradio.it\/index.php\/on-air\/#breadcrumb"},"inLanguage":"it-IT","potentialAction":[{"@type":"ReadAction","target":["https:\/\/www.runradio.it\/index.php\/on-air\/"]}]},{"@type":"BreadcrumbList","@id":"https:\/\/www.runradio.it\/index.php\/on-air\/#breadcrumb","itemListElement":[{"@type":"ListItem","position":1,"name":"Home","item":"https:\/\/www.runradio.it\/"},{"@type":"ListItem","position":2,"name":"ULTIME NOTIZIE"}]},{"@type":"WebSite","@id":"https:\/\/www.runradio.it\/#website","url":"https:\/\/www.runradio.it\/","name":"Runradio","description":"RunRadio \u2013 La Voce dell\u2019Universit\u00e0 Suor Orsola Benincasa di Napoli  La webradio che unisce studenti, idee e passione.  Nata da un progetto ideato e promosso dall\u2019allora Preside della Facolt\u00e0 di Scienze della Formazione, oggi Rettore dell\u2019Ateneo, Lucio d\u2019Alessandro, RunRadio rappresenta una vera e propria palestra formativa per gli studenti di Scienze della Comunicazione.  Un laboratorio vivo e dinamico, dove teoria e pratica si incontrano: gli studenti diventano protagonisti delle routine produttive di una webradio contemporanea, un medium capace di essere \u2013 al tempo stesso \u2013 ascoltato, visto, letto e scritto.  RunRadio, attraverso il suo sito ufficiale, \u00e8 non solo una piattaforma di trasmissione, ma anche uno spazio di creativit\u00e0, sperimentazione e dialogo, dove si coltivano competenze, si condividono idee e si d\u00e0 voce alle passioni che animano la comunit\u00e0 universitaria.","publisher":{"@id":"https:\/\/www.runradio.it\/#organization"},"potentialAction":[{"@type":"SearchAction","target":{"@type":"EntryPoint","urlTemplate":"https:\/\/www.runradio.it\/?s={search_term_string}"},"query-input":{"@type":"PropertyValueSpecification","valueRequired":true,"valueName":"search_term_string"}}],"inLanguage":"it-IT"},{"@type":"Organization","@id":"https:\/\/www.runradio.it\/#organization","name":"Runradio","url":"https:\/\/www.runradio.it\/","logo":{"@type":"ImageObject","inLanguage":"it-IT","@id":"https:\/\/www.runradio.it\/#\/schema\/logo\/image\/","url":"https:\/\/www.runradio.it\/wp-content\/uploads\/2024\/05\/2-1.png","contentUrl":"https:\/\/www.runradio.it\/wp-content\/uploads\/2024\/05\/2-1.png","width":844,"height":128,"caption":"Runradio"},"image":{"@id":"https:\/\/www.runradio.it\/#\/schema\/logo\/image\/"},"sameAs":["https:\/\/www.facebook.com\/runradio","https:\/\/x.com\/Run_Radio","https:\/\/www.instagram.com\/run_radio\/","https:\/\/www.youtube.com\/user\/RunRadioUnisob"]}]}},"_links":{"self":[{"href":"https:\/\/www.runradio.it\/index.php\/wp-json\/wp\/v2\/pages\/3127","targetHints":{"allow":["GET"]}}],"collection":[{"href":"https:\/\/www.runradio.it\/index.php\/wp-json\/wp\/v2\/pages"}],"about":[{"href":"https:\/\/www.runradio.it\/index.php\/wp-json\/wp\/v2\/types\/page"}],"author":[{"embeddable":true,"href":"https:\/\/www.runradio.it\/index.php\/wp-json\/wp\/v2\/users\/5"}],"replies":[{"embeddable":true,"href":"https:\/\/www.runradio.it\/index.php\/wp-json\/wp\/v2\/comments?post=3127"}],"version-history":[{"count":24,"href":"https:\/\/www.runradio.it\/index.php\/wp-json\/wp\/v2\/pages\/3127\/revisions"}],"predecessor-version":[{"id":3443,"href":"https:\/\/www.runradio.it\/index.php\/wp-json\/wp\/v2\/pages\/3127\/revisions\/3443"}],"wp:attachment":[{"href":"https:\/\/www.runradio.it\/index.php\/wp-json\/wp\/v2\/media?parent=3127"}],"curies":[{"name":"wp","href":"https:\/\/api.w.org\/{rel}","templated":true}]}}